{"id":143,"date":"2020-03-14T21:36:35","date_gmt":"2020-03-14T20:36:35","guid":{"rendered":"http:\/\/natur-schwung.de\/?page_id=143"},"modified":"2024-09-10T11:40:24","modified_gmt":"2024-09-10T09:40:24","slug":"abwehrkraefte-staerken-im-wald","status":"publish","type":"page","link":"https:\/\/natur-schwung.de\/?page_id=143","title":{"rendered":"Abwehrkr\u00e4fte st\u00e4rken"},"content":{"rendered":"\n<p>Gerade in der momentanen Zeit ist es sehr wichtig, die k\u00f6rpereigenen <strong>Abwehrkr\u00e4fte<\/strong> zu <strong>st\u00e4rken<\/strong>!<\/p>\n\n\n\n<p>Dazu dient eine gute <strong>Ern\u00e4hrung<\/strong> mit viel Obst und Gem\u00fcse und wenig behandelten und konservierten Nahrungsmitteln. Eine zus\u00e4tzliche Unterst\u00fctzung des K\u00f6rpers mit naturreinen Vitalstoffen ist dringend zu empfehlen, da in Obst und Gem\u00fcse nachweislich nicht mehr gen\u00fcgend N\u00e4hrstoffe enthalten sind. F\u00fcr mehr Infos stehe ich gerne zur Verf\u00fcgung.<a href=\"http:\/\/natur-schwung.de\/?page_id=48\"> Kontakt<\/a><\/p>\n\n\n\n<p><strong>Aufenthalte<\/strong> an der frischen Luft und in der <strong>Natur<\/strong> st\u00e4rken ebenfalls die Abwehrkr\u00e4fte! Besonders positive Wirkungen entfaltet der <strong>Wald<\/strong> durch den erh\u00f6hten Sauerstoffgehalt und die ausgesto\u00dfenen Terpene.<\/p>\n\n\n\n<p>Daher m\u00f6chte ich erg\u00e4nzend zum Naturcoaching f\u00fcr Einzelpersonen folgende <strong>Angebote<\/strong> unterbreiten:<\/p>\n\n\n\n<ul class=\"wp-block-list\">\n<li><strong>Begleiteter Waldspaziergang<\/strong> mit Besuch besonderer Orte (Kraftorte) und Erl\u00e4uterungen zum Heilungscode der Natur (in Kirkel oder einem anderen Wunschwald)<\/li>\n\n\n\n<li><strong>24 h im Wald<\/strong> mit Lagerfeuer und <strong>\u00dcbernachtung im mitgebrachten Zelt<\/strong> in unserem Lichtwald in Frankelbach. Das k\u00f6nnte wie folgt strukturiert sein:\n<ul class=\"wp-block-list\">\n<li>Ankommen und Zielkl\u00e4rung<\/li>\n\n\n\n<li>Rundgang und Verbindung zum Wald<\/li>\n\n\n\n<li>Altes betrachten, w\u00fcrdigen und loslassen<\/li>\n\n\n\n<li>achtsam Feuer machen und darauf Speisen zubereiten<\/li>\n\n\n\n<li>achtsam Essen und Trinken<\/li>\n\n\n\n<li>am Feuer in Trance Botschaften empfangen<\/li>\n\n\n\n<li>\u00fcbernachten im mitgebrachten Zelt<\/li>\n\n\n\n<li>nach dem Fr\u00fchst\u00fcck nochmal die Botschaften ansehen und kristallisieren<\/li>\n\n\n\n<li>Neues kommen lassen und Prototypen f\u00fcr die Zukunft entwickeln<\/li>\n<\/ul>\n<\/li>\n<\/ul>\n\n\n\n<p>Wenn Interesse besteht, k\u00f6nnen wir die Details gerne individuell besprechen und festlegen.<\/p>\n","protected":false},"excerpt":{"rendered":"<p>Gerade in der momentanen Zeit ist es sehr wichtig, die k\u00f6rpereigenen Abwehrkr\u00e4fte zu st\u00e4rken! Dazu dient eine gute Ern\u00e4hrung mit viel Obst und Gem\u00fcse und wenig behandelten und konservierten Nahrungsmitteln. Eine zus\u00e4tzliche Unterst\u00fctzung des K\u00f6rpers mit naturreinen Vitalstoffen ist dringend zu empfehlen, da in Obst und Gem\u00fcse nachweislich nicht mehr gen\u00fcgend N\u00e4hrstoffe enthalten sind. F\u00fcr &hellip; <a href=\"https:\/\/natur-schwung.de\/?page_id=143\" class=\"more-link\"><span class=\"screen-reader-text\">Abwehrkr\u00e4fte st\u00e4rken<\/span> weiterlesen<\/a><\/p>\n","protected":false},"author":1,"featured_media":0,"parent":0,"menu_order":0,"comment_status":"closed","ping_status":"closed","template":"templates\/full-width-page.php","meta":{"footnotes":""},"class_list":["post-143","page","type-page","status-publish","hentry"],"_links":{"self":[{"href":"https:\/\/natur-schwung.de\/index.php?rest_route=\/wp\/v2\/pages\/143","targetHints":{"allow":["GET"]}}],"collection":[{"href":"https:\/\/natur-schwung.de\/index.php?rest_route=\/wp\/v2\/pages"}],"about":[{"href":"https:\/\/natur-schwung.de\/index.php?rest_route=\/wp\/v2\/types\/page"}],"author":[{"embeddable":true,"href":"https:\/\/natur-schwung.de\/index.php?rest_route=\/wp\/v2\/users\/1"}],"replies":[{"embeddable":true,"href":"https:\/\/natur-schwung.de\/index.php?rest_route=%2Fwp%2Fv2%2Fcomments&post=143"}],"version-history":[{"count":9,"href":"https:\/\/natur-schwung.de\/index.php?rest_route=\/wp\/v2\/pages\/143\/revisions"}],"predecessor-version":[{"id":186,"href":"https:\/\/natur-schwung.de\/index.php?rest_route=\/wp\/v2\/pages\/143\/revisions\/186"}],"wp:attachment":[{"href":"https:\/\/natur-schwung.de\/index.php?rest_route=%2Fwp%2Fv2%2Fmedia&parent=143"}],"curies":[{"name":"wp","href":"https:\/\/api.w.org\/{rel}","templated":true}]}}