{"id":46,"date":"2019-11-07T17:27:27","date_gmt":"2019-11-07T16:27:27","guid":{"rendered":"http:\/\/natur-schwung.de\/?page_id=46"},"modified":"2025-01-08T11:59:00","modified_gmt":"2025-01-08T10:59:00","slug":"startseite","status":"publish","type":"page","link":"https:\/\/natur-schwung.de\/","title":{"rendered":"Startseite"},"content":{"rendered":"\n<p>W\u00e4hrend meiner Ausbildung zum Integrativen Naturcoach nach<a href=\"http:\/\/www.weiterbildung-naturcoach.de\"> Katja Dienemann<\/a> habe ich eine eigene Naturcoaching-Methode mit dem Namen Natur-Schwung entwickelt. Dieser Methode habe ich hier eine eigene Webseite gewidmet, ansonsten findet man mehr Informationen \u00fcber meine T\u00e4tigkeiten und Angebote unter <a href=\"http:\/\/www.u-schwung.de\">www.u-schwung.de<\/a>.<\/p>\n\n\n\n<p>Ich biete Naturcoaching f\u00fcr einzelne Menschen an sowie f\u00fcr Gruppen und Teams.<\/p>\n\n\n\n<p><strong>Zielsetzung<\/strong><\/p>\n\n\n\n<p>Ich m\u00f6chte die Menschen unterst\u00fctzen, den f\u00fcr sie richtigen Lebensweg zu finden und neue Potentiale zu entfalten. <\/p>\n\n\n\n<p><strong>Philosophie hinter\nmeiner Methode<\/strong><\/p>\n\n\n\n<p>Die Natur ist das perfekte Vorbild, dort gibt es Vergehen (Loslassen) und wieder Erwachen (neues Entstehen) . Die Natur ist f\u00fcr mich nicht nur Co-Coach, sie ist der eigentliche Coach und ich der Co-Coach.<\/p>\n\n\n\n<p><strong>Wissenschaftliche\nGrundlagen<\/strong><\/p>\n\n\n\n<p>Der\nAnsatz basiert auf der Theorie U von Otto Scharmer. Literatur: C. Otto\nScharmer, Essentials der Theorie U, Heidelberg 2019<\/p>\n\n\n\n<p>Den U-Prozess habe ich dabei etwas umdefiniert. Im linken Ast des U geht es darum, Altes\/Belastendes loszulassen. Unten im Wendepunkt geht es darum, in Achtsamkeit in sich zu gehen und zu ersp\u00fcren, was neues entstehen will. Mit neuer Energie und der richtigen Schwingung gilt es dann den rechten Ast hinauf neue Wege zu erkunden, zu erproben und dann zu verwirklichen.<\/p>\n\n\n\n<figure class=\"wp-block-image is-resized\"><img loading=\"lazy\" decoding=\"async\" width=\"861\" height=\"1024\" src=\"http:\/\/natur-schwung.de\/wp-content\/uploads\/2019\/11\/U-Prozess-MB-861x1024.png\" alt=\"\" class=\"wp-image-102\" style=\"width:306px;height:363px\" srcset=\"https:\/\/natur-schwung.de\/wp-content\/uploads\/2019\/11\/U-Prozess-MB-861x1024.png 861w, https:\/\/natur-schwung.de\/wp-content\/uploads\/2019\/11\/U-Prozess-MB-252x300.png 252w, https:\/\/natur-schwung.de\/wp-content\/uploads\/2019\/11\/U-Prozess-MB-768x913.png 768w, https:\/\/natur-schwung.de\/wp-content\/uploads\/2019\/11\/U-Prozess-MB-685x814.png 685w, https:\/\/natur-schwung.de\/wp-content\/uploads\/2019\/11\/U-Prozess-MB.png 1372w\" sizes=\"auto, (max-width: 861px) 100vw, 861px\" \/><\/figure>\n\n\n\n<p><\/p>\n","protected":false},"excerpt":{"rendered":"<p>W\u00e4hrend meiner Ausbildung zum Integrativen Naturcoach nach Katja Dienemann habe ich eine eigene Naturcoaching-Methode mit dem Namen Natur-Schwung entwickelt. Dieser Methode habe ich hier eine eigene Webseite gewidmet, ansonsten findet man mehr Informationen \u00fcber meine T\u00e4tigkeiten und Angebote unter www.u-schwung.de. Ich biete Naturcoaching f\u00fcr einzelne Menschen an sowie f\u00fcr Gruppen und Teams. Zielsetzung Ich m\u00f6chte &hellip; <a href=\"https:\/\/natur-schwung.de\/\" class=\"more-link\"><span class=\"screen-reader-text\">Startseite<\/span> weiterlesen<\/a><\/p>\n","protected":false},"author":1,"featured_media":0,"parent":0,"menu_order":0,"comment_status":"closed","ping_status":"closed","template":"templates\/full-width-page.php","meta":{"footnotes":""},"class_list":["post-46","page","type-page","status-publish","hentry"],"_links":{"self":[{"href":"https:\/\/natur-schwung.de\/index.php?rest_route=\/wp\/v2\/pages\/46","targetHints":{"allow":["GET"]}}],"collection":[{"href":"https:\/\/natur-schwung.de\/index.php?rest_route=\/wp\/v2\/pages"}],"about":[{"href":"https:\/\/natur-schwung.de\/index.php?rest_route=\/wp\/v2\/types\/page"}],"author":[{"embeddable":true,"href":"https:\/\/natur-schwung.de\/index.php?rest_route=\/wp\/v2\/users\/1"}],"replies":[{"embeddable":true,"href":"https:\/\/natur-schwung.de\/index.php?rest_route=%2Fwp%2Fv2%2Fcomments&post=46"}],"version-history":[{"count":11,"href":"https:\/\/natur-schwung.de\/index.php?rest_route=\/wp\/v2\/pages\/46\/revisions"}],"predecessor-version":[{"id":189,"href":"https:\/\/natur-schwung.de\/index.php?rest_route=\/wp\/v2\/pages\/46\/revisions\/189"}],"wp:attachment":[{"href":"https:\/\/natur-schwung.de\/index.php?rest_route=%2Fwp%2Fv2%2Fmedia&parent=46"}],"curies":[{"name":"wp","href":"https:\/\/api.w.org\/{rel}","templated":true}]}}