{"id":47,"date":"2019-11-07T17:27:27","date_gmt":"2019-11-07T16:27:27","guid":{"rendered":"http:\/\/natur-schwung.de\/?page_id=47"},"modified":"2025-01-08T11:54:54","modified_gmt":"2025-01-08T10:54:54","slug":"ueber-mich","status":"publish","type":"page","link":"https:\/\/natur-schwung.de\/?page_id=47","title":{"rendered":"\u00dcber mich"},"content":{"rendered":"<p>Ich habe Wirtschafts- und Sozialwissenschaften an der Universit\u00e4t Dortmund studiert und anschlie\u00dfend auch dort zum Dr.rer.pol. promoviert. Anschlie\u00dfend war ich 35 Jahre im Energiebereich t\u00e4tig, davon 30 Jahre als Gesch\u00e4ftsf\u00fchrer einer Energie-Agentur und eines Forschungsinstituts (IZES gGmbH). In der letzten Zeit kamen und kommen weitere Ausbildungen und Seminare zu den Themen Achtsamkeit, Meditation und Naturcoaching hinzu.<\/p>\n<p>Seit November 2019 bin ich Integrativer Naturcoach zertifiziert nach Katja Dienemann.<\/p>\n<p><img loading=\"lazy\" decoding=\"async\" class=\"wp-image-79 aligncenter\" src=\"http:\/\/natur-schwung.de\/wp-content\/uploads\/2019\/11\/Siegel_Naturcoach-300x300.jpg\" alt=\"\" width=\"126\" height=\"126\" srcset=\"https:\/\/natur-schwung.de\/wp-content\/uploads\/2019\/11\/Siegel_Naturcoach-300x300.jpg 300w, https:\/\/natur-schwung.de\/wp-content\/uploads\/2019\/11\/Siegel_Naturcoach-150x150.jpg 150w, https:\/\/natur-schwung.de\/wp-content\/uploads\/2019\/11\/Siegel_Naturcoach-768x768.jpg 768w, https:\/\/natur-schwung.de\/wp-content\/uploads\/2019\/11\/Siegel_Naturcoach-1024x1024.jpg 1024w, https:\/\/natur-schwung.de\/wp-content\/uploads\/2019\/11\/Siegel_Naturcoach-685x685.jpg 685w, https:\/\/natur-schwung.de\/wp-content\/uploads\/2019\/11\/Siegel_Naturcoach-100x100.jpg 100w, https:\/\/natur-schwung.de\/wp-content\/uploads\/2019\/11\/Siegel_Naturcoach.jpg 1095w\" sizes=\"auto, (max-width: 126px) 100vw, 126px\" \/><\/p>\n<p>Ich habe immer wieder erfahren m\u00fcssen, wie meine Kreativit\u00e4t und Energie ausgebremst wurde durch \u00e4u\u00dfere und innere Hemmnisse. Jetzt m\u00f6chte ich befreit von allen Hemmnissen meine (unbegrenzte) Energie und Intelligenz entfalten. Gerne begleite ich andere Menschen mit \u00e4hnlichen Erfahrungen auf dem Weg zur Entfaltung ihrer (unbegrenzten) M\u00f6glichkeiten in einer harmonischen Schwingung in sich und mit der Natur.<\/p>\n","protected":false},"excerpt":{"rendered":"<p>Ich habe Wirtschafts- und Sozialwissenschaften an der Universit\u00e4t Dortmund studiert und anschlie\u00dfend auch dort zum Dr.rer.pol. promoviert. Anschlie\u00dfend war ich 35 Jahre im Energiebereich t\u00e4tig, davon 30 Jahre als Gesch\u00e4ftsf\u00fchrer einer Energie-Agentur und eines Forschungsinstituts (IZES gGmbH). In der letzten Zeit kamen und kommen weitere Ausbildungen und Seminare zu den Themen Achtsamkeit, Meditation und Naturcoaching &hellip; <a href=\"https:\/\/natur-schwung.de\/?page_id=47\" class=\"more-link\"><span class=\"screen-reader-text\">\u00dcber mich<\/span> weiterlesen<\/a><\/p>\n","protected":false},"author":1,"featured_media":0,"parent":0,"menu_order":0,"comment_status":"closed","ping_status":"closed","template":"templates\/full-width-page.php","meta":{"footnotes":""},"class_list":["post-47","page","type-page","status-publish","hentry"],"_links":{"self":[{"href":"https:\/\/natur-schwung.de\/index.php?rest_route=\/wp\/v2\/pages\/47","targetHints":{"allow":["GET"]}}],"collection":[{"href":"https:\/\/natur-schwung.de\/index.php?rest_route=\/wp\/v2\/pages"}],"about":[{"href":"https:\/\/natur-schwung.de\/index.php?rest_route=\/wp\/v2\/types\/page"}],"author":[{"embeddable":true,"href":"https:\/\/natur-schwung.de\/index.php?rest_route=\/wp\/v2\/users\/1"}],"replies":[{"embeddable":true,"href":"https:\/\/natur-schwung.de\/index.php?rest_route=%2Fwp%2Fv2%2Fcomments&post=47"}],"version-history":[{"count":9,"href":"https:\/\/natur-schwung.de\/index.php?rest_route=\/wp\/v2\/pages\/47\/revisions"}],"predecessor-version":[{"id":187,"href":"https:\/\/natur-schwung.de\/index.php?rest_route=\/wp\/v2\/pages\/47\/revisions\/187"}],"wp:attachment":[{"href":"https:\/\/natur-schwung.de\/index.php?rest_route=%2Fwp%2Fv2%2Fmedia&parent=47"}],"curies":[{"name":"wp","href":"https:\/\/api.w.org\/{rel}","templated":true}]}}